{"id":661,"date":"2024-06-14T17:50:28","date_gmt":"2024-06-14T17:50:28","guid":{"rendered":"https:\/\/roger-gil.fr\/?page_id=661"},"modified":"2024-07-13T21:46:47","modified_gmt":"2024-07-13T21:46:47","slug":"accueil","status":"publish","type":"page","link":"https:\/\/roger-gil.fr\/?page_id=661","title":{"rendered":"Accueil"},"content":{"rendered":"\t\t<div data-elementor-type=\"wp-page\" data-elementor-id=\"661\" class=\"elementor elementor-661\">\n\t\t\t\t<div class=\"elementor-element elementor-element-22235e0a e-flex e-con-boxed e-con e-parent\" data-id=\"22235e0a\" data-element_type=\"container\" data-e-type=\"container\">\n\t\t\t\t\t<div class=\"e-con-inner\">\n\t\t\t\t<div class=\"elementor-element elementor-element-39afcb21 elementor-widget elementor-widget-text-editor\" data-id=\"39afcb21\" data-element_type=\"widget\" data-e-type=\"widget\" data-widget_type=\"text-editor.default\">\n\t\t\t\t<div class=\"elementor-widget-container\">\n\t\t\t\t\t\t\t\t\t<p><strong>Neuropsychologie, bio\u00e9thique, spiritualit\u00e9<\/strong>, trois champs d\u2019exercice de la pens\u00e9e, des \u00e9motions, des actions des \u00eatres humains dans le monde qu\u2019ils habitent.<\/p><p><strong>La neuropsychologie<\/strong> est n\u00e9e du souci de mieux comprendre et de mieux accompagner les manifestations cognitives, \u00e9motionnelles, comportementales des personnes atteintes de l\u00e9sions du cerveau. Mais c\u2019est ainsi qu\u2019elle peut aussi aider \u00e0 mieux comprendre le fonctionnement du cerveau humain, organe supr\u00eame de l\u2019hominisation, m\u00e9diateur sans lequel l\u2019\u00eatre humain, \u00eatre de chair, au sens de corps vivant ne pourrait plus interpr\u00e9ter le monde, ne pourrait plus agir dans le monde, ne pourrait plus avoir conscience de Soi et du monde qui circonscrit le cadre de sa vie.<\/p><p><strong>La bio\u00e9thique<\/strong> ou \u00e9thique du \u00ab\u00a0bios\u00a0\u00bb, du \u00ab\u00a0vivant\u00a0\u00bb\u00a0 se questionne sur ce qu\u2019il faudrait faire pour bien faire. Elle est une pens\u00e9e inqui\u00e8te, nourrie d\u2019affects mobilisateurs, qui sans cesse, souhaite mettre en coh\u00e9rence les comportements, la mani\u00e8re d\u2019\u00eatre avec des valeurs. S\u2019interroger sur le Bien, c\u2019est tenter de discerner tout ce qui peut faire grandir en l\u2019\u00eatre humain son humanit\u00e9. Et une <strong>neuropsychologie humaniste<\/strong> a \u00e0 c\u0153ur d\u2019appuyer ses connaissances sur les outils c\u00e9r\u00e9braux qui permettent \u00e0 l\u2019\u00eatre humain de faire cro\u00eetre son alt\u00e9rit\u00e9, c\u2019est-\u00e0-dire son souci d\u2019Autre-que-lui et sa responsabilit\u00e9 \u00e0 son \u00e9gard.<\/p><p>Mais le cerveau n\u2019enferme pas l\u2019\u00eatre humain dans la mat\u00e9rialit\u00e9. Il ne se confond pas avec la personne qui peut dire\u00a0: \u00ab\u00a0je pense, je ressens, je veux\u00a0\u00bb et qui ne dit pas \u00ab\u00a0mon cerveau pense, ressent, veut\u00a0\u00bb. Et c\u2019est ainsi que s\u2019ouvre l\u2019acc\u00e8s \u00e0 <strong>la spiritualit\u00e9<\/strong> qui d\u00e9signe la qu\u00eate de sens qui doit \u00eatre coextensive \u00e0 toute vie, quels que soient les chemins qu\u2019elle emprunte, les \u00e9preuves et les joies qu\u2019elle traverse, ses r\u00e9voltes et ses acquiescements. C\u2019est aussi l\u2019ouverture vers ce questionnement fondamental qui ne rel\u00e8ve plus de la science mais de la m\u00e9taphysique\u00a0: le cerveau est-il \u00e0 la fois le piano et le pianiste ou, si le cerveau est le piano, demeure le myst\u00e8re du pianiste.<\/p><p>Un programme vaste qui ne peut \u00eatre construit qu\u2019avec humilit\u00e9. La pr\u00e9sence picturale en haut de cette page (et ailleurs dans le site) de <strong>C\u00f4me et Damien<\/strong> souhaite rappeler ces deux <strong>m\u00e9decins anargyres<\/strong> du troisi\u00e8me si\u00e8cle, n\u00e9es \u00e0 \u00c9g\u00e9e, en Arabie, soignant aussi des animaux et qui sont demeur\u00e9s des exemples de la pratique et de l\u2019\u00e9thique des soins tout au long des si\u00e8cles. C\u2019est sous leur patronage que s\u2019organis\u00e8rent au Moyen-\u00c2ge, des <a href=\"https:\/\/univ-sorbonne-nouvelle.hal.science\/hal-01720635\/document\" target=\"_blank\" rel=\"noopener\"><b>confr\u00e9ries<\/b><\/a> qui port\u00e8rent leur nom et qui rassembl\u00e8rent selon les lieux, des chirurgiens, des barbiers, des phl\u00e9botomistes mais aussi des m\u00e9decins, des apothicaires et m\u00eame des sages-femmes qu&rsquo;on appelait alors des ventri\u00e8res.. Ce sont eux qui, par exemple, figurent sur le sceau m\u00e9di\u00e9val du XVe si\u00e8cle de la Facult\u00e9 de m\u00e9decine et de pharmacie de Poitiers. Des sculpteurs, des c\u00e9ramistes, des ma\u00eetres-verriers, des peintres, anonymes ou c\u00e9l\u00e8bres, ont repr\u00e9sent\u00e9 tout au long des si\u00e8cles leurs effigies ou des \u00e9pisodes de leur vie.<\/p>\t\t\t\t\t\t\t\t<\/div>\n\t\t\t\t<\/div>\n\t\t\t\t\t<\/div>\n\t\t\t\t<\/div>\n\t\t\t\t<\/div>\n\t\t","protected":false},"excerpt":{"rendered":"<p>Neuropsychologie, bio\u00e9thique, spiritualit\u00e9, trois champs d\u2019exercice de la pens\u00e9e, des \u00e9motions, des actions des \u00eatres humains dans le monde qu\u2019ils habitent. La neuropsychologie est n\u00e9e du souci de mieux comprendre et de mieux accompagner les manifestations cognitives, \u00e9motionnelles, comportementales des personnes atteintes de l\u00e9sions du cerveau. Mais c\u2019est ainsi qu\u2019elle peut aussi aider \u00e0 mieux&hellip; <span class=\"kuorinka-read-more\"><a href=\"https:\/\/roger-gil.fr\/?page_id=661\" class=\"more-link\">Lire la suite <span class=\"screen-reader-text\">Accueil<\/span><\/a><\/span><\/p>\n","protected":false},"author":3,"featured_media":0,"parent":0,"menu_order":0,"comment_status":"closed","ping_status":"closed","template":"","meta":{"_crdt_document":"","footnotes":""},"class_list":{"0":"post-661","1":"page","2":"type-page","3":"status-publish","5":"entry"},"yoast_head":"<!-- This site is optimized with the Yoast SEO plugin v25.9 - https:\/\/yoast.com\/wordpress\/plugins\/seo\/ -->\n<title>Accueil - Neuropsychologie, Bio\u00e9thique, Spiritualit\u00e9<\/title>\n<meta name=\"robots\" content=\"index, follow, max-snippet:-1, max-image-preview:large, max-video-preview:-1\" \/>\n<link rel=\"canonical\" href=\"https:\/\/roger-gil.fr\/?page_id=661\" \/>\n<meta property=\"og:locale\" content=\"fr_FR\" \/>\n<meta property=\"og:type\" content=\"article\" \/>\n<meta property=\"og:title\" content=\"Accueil - Neuropsychologie, Bio\u00e9thique, Spiritualit\u00e9\" \/>\n<meta property=\"og:description\" content=\"Neuropsychologie, bio\u00e9thique, spiritualit\u00e9, trois champs d\u2019exercice de la pens\u00e9e, des \u00e9motions, des actions des \u00eatres humains dans le monde qu\u2019ils habitent. La neuropsychologie est n\u00e9e du souci de mieux comprendre et de mieux accompagner les manifestations cognitives, \u00e9motionnelles, comportementales des personnes atteintes de l\u00e9sions du cerveau. Mais c\u2019est ainsi qu\u2019elle peut aussi aider \u00e0 mieux&hellip; Lire la suite Accueil\" \/>\n<meta property=\"og:url\" content=\"https:\/\/roger-gil.fr\/?page_id=661\" \/>\n<meta property=\"og:site_name\" content=\"Neuropsychologie, Bio\u00e9thique, Spiritualit\u00e9\" \/>\n<meta property=\"article:modified_time\" content=\"2024-07-13T21:46:47+00:00\" \/>\n<meta name=\"twitter:card\" content=\"summary_large_image\" \/>\n<meta name=\"twitter:label1\" content=\"Dur\u00e9e de lecture estim\u00e9e\" \/>\n\t<meta name=\"twitter:data1\" content=\"3 minutes\" \/>\n<script type=\"application\/ld+json\" class=\"yoast-schema-graph\">{\"@context\":\"https:\/\/schema.org\",\"@graph\":[{\"@type\":\"WebPage\",\"@id\":\"https:\/\/roger-gil.fr\/?page_id=661\",\"url\":\"https:\/\/roger-gil.fr\/?page_id=661\",\"name\":\"Accueil - Neuropsychologie, Bio\u00e9thique, Spiritualit\u00e9\",\"isPartOf\":{\"@id\":\"https:\/\/roger-gil.fr\/#website\"},\"datePublished\":\"2024-06-14T17:50:28+00:00\",\"dateModified\":\"2024-07-13T21:46:47+00:00\",\"breadcrumb\":{\"@id\":\"https:\/\/roger-gil.fr\/?page_id=661#breadcrumb\"},\"inLanguage\":\"fr-FR\",\"potentialAction\":[{\"@type\":\"ReadAction\",\"target\":[\"https:\/\/roger-gil.fr\/?page_id=661\"]}]},{\"@type\":\"BreadcrumbList\",\"@id\":\"https:\/\/roger-gil.fr\/?page_id=661#breadcrumb\",\"itemListElement\":[{\"@type\":\"ListItem\",\"position\":1,\"name\":\"Accueil\",\"item\":\"https:\/\/roger-gil.fr\/\"},{\"@type\":\"ListItem\",\"position\":2,\"name\":\"Accueil\"}]},{\"@type\":\"WebSite\",\"@id\":\"https:\/\/roger-gil.fr\/#website\",\"url\":\"https:\/\/roger-gil.fr\/\",\"name\":\"Neuropsychologie, Bio\u00e9thique, Spiritualit\u00e9\",\"description\":\"Roger Gil : Professeur \u00e9m\u00e9rite de neurologie, doyen honoraire de la Facult\u00e9 de m\u00e9decine pharmacie de l&#039;Universit\u00e9 de Poitiers\",\"publisher\":{\"@id\":\"https:\/\/roger-gil.fr\/#\/schema\/person\/ec69375883cbc8e97a44857780352afb\"},\"potentialAction\":[{\"@type\":\"SearchAction\",\"target\":{\"@type\":\"EntryPoint\",\"urlTemplate\":\"https:\/\/roger-gil.fr\/?s={search_term_string}\"},\"query-input\":{\"@type\":\"PropertyValueSpecification\",\"valueRequired\":true,\"valueName\":\"search_term_string\"}}],\"inLanguage\":\"fr-FR\"},{\"@type\":[\"Person\",\"Organization\"],\"@id\":\"https:\/\/roger-gil.fr\/#\/schema\/person\/ec69375883cbc8e97a44857780352afb\",\"name\":\"Roger Gil\",\"image\":{\"@type\":\"ImageObject\",\"inLanguage\":\"fr-FR\",\"@id\":\"https:\/\/roger-gil.fr\/#\/schema\/person\/image\/\",\"url\":\"https:\/\/roger-gil.fr\/wp-content\/uploads\/2025\/08\/ROGER-GIL.webp\",\"contentUrl\":\"https:\/\/roger-gil.fr\/wp-content\/uploads\/2025\/08\/ROGER-GIL.webp\",\"width\":1024,\"height\":1254,\"caption\":\"Roger Gil\"},\"logo\":{\"@id\":\"https:\/\/roger-gil.fr\/#\/schema\/person\/image\/\"}}]}<\/script>\n<!-- \/ Yoast SEO plugin. -->","yoast_head_json":{"title":"Accueil - Neuropsychologie, Bio\u00e9thique, Spiritualit\u00e9","robots":{"index":"index","follow":"follow","max-snippet":"max-snippet:-1","max-image-preview":"max-image-preview:large","max-video-preview":"max-video-preview:-1"},"canonical":"https:\/\/roger-gil.fr\/?page_id=661","og_locale":"fr_FR","og_type":"article","og_title":"Accueil - Neuropsychologie, Bio\u00e9thique, Spiritualit\u00e9","og_description":"Neuropsychologie, bio\u00e9thique, spiritualit\u00e9, trois champs d\u2019exercice de la pens\u00e9e, des \u00e9motions, des actions des \u00eatres humains dans le monde qu\u2019ils habitent. La neuropsychologie est n\u00e9e du souci de mieux comprendre et de mieux accompagner les manifestations cognitives, \u00e9motionnelles, comportementales des personnes atteintes de l\u00e9sions du cerveau. Mais c\u2019est ainsi qu\u2019elle peut aussi aider \u00e0 mieux&hellip; Lire la suite Accueil","og_url":"https:\/\/roger-gil.fr\/?page_id=661","og_site_name":"Neuropsychologie, Bio\u00e9thique, Spiritualit\u00e9","article_modified_time":"2024-07-13T21:46:47+00:00","twitter_card":"summary_large_image","twitter_misc":{"Dur\u00e9e de lecture estim\u00e9e":"3 minutes"},"schema":{"@context":"https:\/\/schema.org","@graph":[{"@type":"WebPage","@id":"https:\/\/roger-gil.fr\/?page_id=661","url":"https:\/\/roger-gil.fr\/?page_id=661","name":"Accueil - Neuropsychologie, Bio\u00e9thique, Spiritualit\u00e9","isPartOf":{"@id":"https:\/\/roger-gil.fr\/#website"},"datePublished":"2024-06-14T17:50:28+00:00","dateModified":"2024-07-13T21:46:47+00:00","breadcrumb":{"@id":"https:\/\/roger-gil.fr\/?page_id=661#breadcrumb"},"inLanguage":"fr-FR","potentialAction":[{"@type":"ReadAction","target":["https:\/\/roger-gil.fr\/?page_id=661"]}]},{"@type":"BreadcrumbList","@id":"https:\/\/roger-gil.fr\/?page_id=661#breadcrumb","itemListElement":[{"@type":"ListItem","position":1,"name":"Accueil","item":"https:\/\/roger-gil.fr\/"},{"@type":"ListItem","position":2,"name":"Accueil"}]},{"@type":"WebSite","@id":"https:\/\/roger-gil.fr\/#website","url":"https:\/\/roger-gil.fr\/","name":"Neuropsychologie, Bio\u00e9thique, Spiritualit\u00e9","description":"Roger Gil : Professeur \u00e9m\u00e9rite de neurologie, doyen honoraire de la Facult\u00e9 de m\u00e9decine pharmacie de l&#039;Universit\u00e9 de Poitiers","publisher":{"@id":"https:\/\/roger-gil.fr\/#\/schema\/person\/ec69375883cbc8e97a44857780352afb"},"potentialAction":[{"@type":"SearchAction","target":{"@type":"EntryPoint","urlTemplate":"https:\/\/roger-gil.fr\/?s={search_term_string}"},"query-input":{"@type":"PropertyValueSpecification","valueRequired":true,"valueName":"search_term_string"}}],"inLanguage":"fr-FR"},{"@type":["Person","Organization"],"@id":"https:\/\/roger-gil.fr\/#\/schema\/person\/ec69375883cbc8e97a44857780352afb","name":"Roger Gil","image":{"@type":"ImageObject","inLanguage":"fr-FR","@id":"https:\/\/roger-gil.fr\/#\/schema\/person\/image\/","url":"https:\/\/roger-gil.fr\/wp-content\/uploads\/2025\/08\/ROGER-GIL.webp","contentUrl":"https:\/\/roger-gil.fr\/wp-content\/uploads\/2025\/08\/ROGER-GIL.webp","width":1024,"height":1254,"caption":"Roger Gil"},"logo":{"@id":"https:\/\/roger-gil.fr\/#\/schema\/person\/image\/"}}]}},"_links":{"self":[{"href":"https:\/\/roger-gil.fr\/index.php?rest_route=\/wp\/v2\/pages\/661","targetHints":{"allow":["GET"]}}],"collection":[{"href":"https:\/\/roger-gil.fr\/index.php?rest_route=\/wp\/v2\/pages"}],"about":[{"href":"https:\/\/roger-gil.fr\/index.php?rest_route=\/wp\/v2\/types\/page"}],"author":[{"embeddable":true,"href":"https:\/\/roger-gil.fr\/index.php?rest_route=\/wp\/v2\/users\/3"}],"replies":[{"embeddable":true,"href":"https:\/\/roger-gil.fr\/index.php?rest_route=%2Fwp%2Fv2%2Fcomments&post=661"}],"version-history":[{"count":10,"href":"https:\/\/roger-gil.fr\/index.php?rest_route=\/wp\/v2\/pages\/661\/revisions"}],"predecessor-version":[{"id":963,"href":"https:\/\/roger-gil.fr\/index.php?rest_route=\/wp\/v2\/pages\/661\/revisions\/963"}],"wp:attachment":[{"href":"https:\/\/roger-gil.fr\/index.php?rest_route=%2Fwp%2Fv2%2Fmedia&parent=661"}],"curies":[{"name":"wp","href":"https:\/\/api.w.org\/{rel}","templated":true}]}}